{"id":10031,"date":"2020-11-30T18:20:57","date_gmt":"2020-11-30T17:20:57","guid":{"rendered":"https:\/\/www.ecomnewsmed.com\/afrique\/?page_id=10031"},"modified":"2020-12-01T00:02:36","modified_gmt":"2020-11-30T23:02:36","slug":"about-us","status":"publish","type":"page","link":"https:\/\/ecomnewsafrique.com\/en\/about-us\/","title":{"rendered":"About us"},"content":{"rendered":"<section class=\"ps-module ps-module--text\">\n  <div class=\"ps-module__body\">\n    <div class=\"ps-module__content\">\n      \n<p>True innovative media, Ecomnews Africa deals with all relevant economic information on African countries and economic exchanges. Ecomnews Afrique is an Ecomnews publication, born out of the BIC incubator in Montpellier (France), the 4th largest incubator in the world.<\/p>\n\n    <\/div>\n  <\/div>\n<\/section>\n<section class=\"ps-module ps-module--text\">\n  <div class=\"ps-module__body\">\n    <div class=\"ps-module__content\">\n      \n<p><strong><strong>Head office\u00a0:<\/strong><\/strong><br>> Postal\u00a0Address:\u00a0Cap Omega,\u00a0rond\u00a0point Benjamin Franklin, CS 39 521, 34960 Montpellier FRANCE<br>> Phone number: +33 (0)4 67 47 70 95<\/p>\n\n    <\/div>\n  <\/div>\n<\/section>\n<section class=\"ps-block ps-block--heading\" data-animated data-toggle-class=\"in-viewport\">\n  <div class=\"ps-block__container\">\n    <div class=\"ps-block__grid\">\n      <div class=\"ps-block__content\">\n        <div class=\"ps-block__body\">\n          <div class=\"ps-block__item\">\n            \n<h2><strong>Discover the Ecomnews Africa team in pictures!<\/strong><\/h2>\n\n          <\/div>\n        <\/div>\n      <\/div>\n    <\/div>\n  <\/div>\n<\/section>\n  <section class=\"ps-module ps-module--youtube\">\n    <div class=\"ps-module__container\">\n      <div class=\"ps-module__body\">\n        <div class=\"ps-module__item\">\n          \n<figure class=\"wp-block-embed-youtube wp-block-embed is-type-video is-provider-youtube wp-embed-aspect-16-9 wp-has-aspect-ratio\"><div class=\"wp-block-embed__wrapper\">\n<iframe loading=\"lazy\" title=\"Ecomnews Afrique : Votre m\u00e9dia \u00e9conomique 100% connect\u00e9\" width=\"500\" height=\"281\" src=\"https:\/\/www.youtube.com\/embed\/2fCaHF2SIaA?feature=oembed&#038;modestbranding=1&#038;showinfo=0&#038;rel=0\" frameborder=\"0\" allow=\"accelerometer; autoplay; clipboard-write; encrypted-media; gyroscope; picture-in-picture; web-share\" referrerpolicy=\"strict-origin-when-cross-origin\" allowfullscreen><\/iframe>\n<\/div><\/figure>\n\n        <\/div>\n      <\/div>\n    <\/div>\n  <\/section>\n","protected":false},"excerpt":{"rendered":"<p>True innovative media, Ecomnews Africa deals with all relevant economic information on African countries and economic exchanges. Ecomnews Afrique is an Ecomnews publication, born out of the BIC incubator in Montpellier (France), the 4th largest incubator in the world. Head office\u00a0:> Postal\u00a0Address:\u00a0Cap Omega,\u00a0rond\u00a0point Benjamin Franklin, CS 39 521, 34960 Montpellier FRANCE> Phone number: +33 (0)4 [&hellip;]<\/p>\n","protected":false},"author":1,"featured_media":0,"parent":0,"menu_order":0,"comment_status":"closed","ping_status":"closed","template":"","meta":{"_acf_changed":false,"footnotes":""},"class_list":["post-10031","page","type-page","status-publish","hentry"],"acf":[],"yoast_head":"<!-- This site is optimized with the Yoast SEO plugin v21.9.1 - https:\/\/yoast.com\/wordpress\/plugins\/seo\/ -->\n<title>About us - Ecomnews Afrique<\/title>\n<meta name=\"robots\" content=\"index, follow, max-snippet:-1, max-image-preview:large, max-video-preview:-1\" \/>\n<link rel=\"canonical\" href=\"https:\/\/ecomnewsafrique.com\/en\/about-us\/\" \/>\n<meta property=\"og:locale\" content=\"en_US\" \/>\n<meta property=\"og:type\" content=\"article\" \/>\n<meta property=\"og:title\" content=\"About us - Ecomnews Afrique\" \/>\n<meta property=\"og:description\" content=\"True innovative media, Ecomnews Africa deals with all relevant economic information on African countries and economic exchanges. Ecomnews Afrique is an Ecomnews publication, born out of the BIC incubator in Montpellier (France), the 4th largest incubator in the world. Head office\u00a0:&gt; Postal\u00a0Address:\u00a0Cap Omega,\u00a0rond\u00a0point Benjamin Franklin, CS 39 521, 34960 Montpellier FRANCE&gt; Phone number: +33 (0)4 [&hellip;]\" \/>\n<meta property=\"og:url\" content=\"https:\/\/ecomnewsafrique.com\/en\/about-us\/\" \/>\n<meta property=\"og:site_name\" content=\"Ecomnews Afrique\" \/>\n<meta property=\"article:modified_time\" content=\"2020-11-30T23:02:36+00:00\" \/>\n<meta name=\"twitter:card\" content=\"summary_large_image\" \/>\n<script type=\"application\/ld+json\" class=\"yoast-schema-graph\">{\"@context\":\"https:\/\/schema.org\",\"@graph\":[{\"@type\":\"WebPage\",\"@id\":\"https:\/\/ecomnewsafrique.com\/en\/about-us\/\",\"url\":\"https:\/\/ecomnewsafrique.com\/en\/about-us\/\",\"name\":\"About us - Ecomnews Afrique\",\"isPartOf\":{\"@id\":\"https:\/\/ecomnewsafrique.com\/#website\"},\"datePublished\":\"2020-11-30T17:20:57+00:00\",\"dateModified\":\"2020-11-30T23:02:36+00:00\",\"breadcrumb\":{\"@id\":\"https:\/\/ecomnewsafrique.com\/en\/about-us\/#breadcrumb\"},\"inLanguage\":\"en-US\",\"potentialAction\":[{\"@type\":\"ReadAction\",\"target\":[\"https:\/\/ecomnewsafrique.com\/en\/about-us\/\"]}]},{\"@type\":\"BreadcrumbList\",\"@id\":\"https:\/\/ecomnewsafrique.com\/en\/about-us\/#breadcrumb\",\"itemListElement\":[{\"@type\":\"ListItem\",\"position\":1,\"name\":\"Accueil\",\"item\":\"https:\/\/ecomnewsafrique.com\/en\/\"},{\"@type\":\"ListItem\",\"position\":2,\"name\":\"About us\"}]},{\"@type\":\"WebSite\",\"@id\":\"https:\/\/ecomnewsafrique.com\/#website\",\"url\":\"https:\/\/ecomnewsafrique.com\/\",\"name\":\"Ecomnews Afrique\",\"description\":\"Toute l&#039;information \u00e9conomique des pays d&#039;Afrique\",\"potentialAction\":[{\"@type\":\"SearchAction\",\"target\":{\"@type\":\"EntryPoint\",\"urlTemplate\":\"https:\/\/ecomnewsafrique.com\/?s={search_term_string}\"},\"query-input\":\"required name=search_term_string\"}],\"inLanguage\":\"en-US\"}]}<\/script>\n<!-- \/ Yoast SEO plugin. -->","yoast_head_json":{"title":"About us - Ecomnews Afrique","robots":{"index":"index","follow":"follow","max-snippet":"max-snippet:-1","max-image-preview":"max-image-preview:large","max-video-preview":"max-video-preview:-1"},"canonical":"https:\/\/ecomnewsafrique.com\/en\/about-us\/","og_locale":"en_US","og_type":"article","og_title":"About us - Ecomnews Afrique","og_description":"True innovative media, Ecomnews Africa deals with all relevant economic information on African countries and economic exchanges. Ecomnews Afrique is an Ecomnews publication, born out of the BIC incubator in Montpellier (France), the 4th largest incubator in the world. Head office\u00a0:> Postal\u00a0Address:\u00a0Cap Omega,\u00a0rond\u00a0point Benjamin Franklin, CS 39 521, 34960 Montpellier FRANCE> Phone number: +33 (0)4 [&hellip;]","og_url":"https:\/\/ecomnewsafrique.com\/en\/about-us\/","og_site_name":"Ecomnews Afrique","article_modified_time":"2020-11-30T23:02:36+00:00","twitter_card":"summary_large_image","schema":{"@context":"https:\/\/schema.org","@graph":[{"@type":"WebPage","@id":"https:\/\/ecomnewsafrique.com\/en\/about-us\/","url":"https:\/\/ecomnewsafrique.com\/en\/about-us\/","name":"About us - Ecomnews Afrique","isPartOf":{"@id":"https:\/\/ecomnewsafrique.com\/#website"},"datePublished":"2020-11-30T17:20:57+00:00","dateModified":"2020-11-30T23:02:36+00:00","breadcrumb":{"@id":"https:\/\/ecomnewsafrique.com\/en\/about-us\/#breadcrumb"},"inLanguage":"en-US","potentialAction":[{"@type":"ReadAction","target":["https:\/\/ecomnewsafrique.com\/en\/about-us\/"]}]},{"@type":"BreadcrumbList","@id":"https:\/\/ecomnewsafrique.com\/en\/about-us\/#breadcrumb","itemListElement":[{"@type":"ListItem","position":1,"name":"Accueil","item":"https:\/\/ecomnewsafrique.com\/en\/"},{"@type":"ListItem","position":2,"name":"About us"}]},{"@type":"WebSite","@id":"https:\/\/ecomnewsafrique.com\/#website","url":"https:\/\/ecomnewsafrique.com\/","name":"Ecomnews Afrique","description":"Toute l&#039;information \u00e9conomique des pays d&#039;Afrique","potentialAction":[{"@type":"SearchAction","target":{"@type":"EntryPoint","urlTemplate":"https:\/\/ecomnewsafrique.com\/?s={search_term_string}"},"query-input":"required name=search_term_string"}],"inLanguage":"en-US"}]}},"_links":{"self":[{"href":"https:\/\/ecomnewsafrique.com\/en\/wp-json\/wp\/v2\/pages\/10031"}],"collection":[{"href":"https:\/\/ecomnewsafrique.com\/en\/wp-json\/wp\/v2\/pages"}],"about":[{"href":"https:\/\/ecomnewsafrique.com\/en\/wp-json\/wp\/v2\/types\/page"}],"author":[{"embeddable":true,"href":"https:\/\/ecomnewsafrique.com\/en\/wp-json\/wp\/v2\/users\/1"}],"replies":[{"embeddable":true,"href":"https:\/\/ecomnewsafrique.com\/en\/wp-json\/wp\/v2\/comments?post=10031"}],"version-history":[{"count":4,"href":"https:\/\/ecomnewsafrique.com\/en\/wp-json\/wp\/v2\/pages\/10031\/revisions"}],"predecessor-version":[{"id":10051,"href":"https:\/\/ecomnewsafrique.com\/en\/wp-json\/wp\/v2\/pages\/10031\/revisions\/10051"}],"wp:attachment":[{"href":"https:\/\/ecomnewsafrique.com\/en\/wp-json\/wp\/v2\/media?parent=10031"}],"curies":[{"name":"wp","href":"https:\/\/api.w.org\/{rel}","templated":true}]}}